{"id":750,"date":"2021-04-27T14:15:02","date_gmt":"2021-04-27T13:15:02","guid":{"rendered":"https:\/\/www.astimegoesby.de\/?page_id=750"},"modified":"2021-04-27T14:15:03","modified_gmt":"2021-04-27T13:15:03","slug":"history","status":"publish","type":"page","link":"https:\/\/www.astimegoesby.de\/?page_id=750&lang=en","title":{"rendered":"History"},"content":{"rendered":"<p>Im Jahr 2000 wagten sich die beiden Musiker Janusz Myschur und Thomas Breitsameter zum ersten Mal an die eher seltene Duobesetzung Violine\/Akkordeon. Dies war der Beginn einer langen musikalischen Freundschaft, mit zahlreichen nur auf den ersten Blick &#8222;neuen&#8220;, weil eigentlich lediglich wiederentdeckten Kompositionen und Werken aus den Niederungen und (Un-)tiefen der Unterhaltungs- und Salonmusik.<\/p>\nngg_shortcode_0_placeholder\n<p>Viele der in Angriff genommenen Werke erwiesen sich als geradezu pr\u00e4destiniert f\u00fcr die Besetzung Violine &amp; Akkordeon, und sehr schnell entstand ein fast un\u00fcberschaubarer Fundus von Walzern, Tangos, Foxtrotts, Filmmelodien, Evergreens, Jazz-Standards und Klassikern. Das Repertoire des Duos &#8222;As time goes by&#8220; ist mittlerweile auf \u00fcber 130 Titel angewachsen und reicht von J.S. Bach \u00fcber W.A. Mozart bis zu den Kompositionen des argentinischen Altmeisters Astor Piazzolla. Und es kommen st\u00e4ndig neue Arrangements dazu, es gibt nichts, das vor der Spielfreude und der Experimentierlust der Formation &#8222;As time goes by &#8230;&#8220; wirklich sicher w\u00e4re.<\/p>\n","protected":false},"excerpt":{"rendered":"<p>Im Jahr 2000 wagten sich die beiden Musiker Janusz Myschur und Thomas Breitsameter zum ersten Mal an die eher seltene Duobesetzung Violine\/Akkordeon. Dies war der Beginn einer langen musikalischen Freundschaft, mit zahlreichen nur auf den ersten Blick &#8222;neuen&#8220;, weil eigentlich lediglich wiederentdeckten Kompositionen und Werken aus den Niederungen und (Un-)tiefen der Unterhaltungs- und Salonmusik. Viele der in Angriff genommenen Werke erwiesen sich als geradezu pr\u00e4destiniert f\u00fcr die Besetzung Violine &amp; Akkordeon, und sehr schnell entstand ein fast un\u00fcberschaubarer Fundus von Walzern, Tangos, Foxtrotts, Filmmelodien, Evergreens, Jazz-Standards und Klassikern. Das Repertoire des Duos &#8222;As time goes by&#8220; ist mittlerweile auf \u00fcber 130 Titel angewachsen und reicht von J.S. Bach \u00fcber W.A. Mozart bis zu den Kompositionen des argentinischen Altmeisters Astor Piazzolla. Und es kommen st\u00e4ndig neue Arrangements dazu, es gibt nichts, das vor der Spielfreude und der Experimentierlust der Formation &#8222;As time goes by &#8230;&#8220; wirklich sicher w\u00e4re.<\/p>\n","protected":false},"author":10,"featured_media":0,"parent":0,"menu_order":60,"comment_status":"closed","ping_status":"closed","template":"","meta":{"ngg_post_thumbnail":0,"_price":"","_stock":"","_tribe_ticket_header":"","_tribe_default_ticket_provider":"","_ticket_start_date":"","_ticket_end_date":"","_tribe_ticket_show_description":"","_tribe_ticket_show_not_going":false,"_tribe_ticket_use_global_stock":"","_tribe_ticket_global_stock_level":"","_global_stock_mode":"","_global_stock_cap":"","_tribe_rsvp_for_event":"","_tribe_ticket_going_count":"","_tribe_ticket_not_going_count":"","_tribe_tickets_list":"[]","_tribe_ticket_has_attendee_info_fields":false,"_EventAllDay":false,"_EventTimezone":"","_EventStartDate":"","_EventEndDate":"","_EventStartDateUTC":"","_EventEndDateUTC":"","_EventShowMap":false,"_EventShowMapLink":false,"_EventURL":"","_EventCost":"","_EventCostDescription":"","_EventCurrencySymbol":"","_EventCurrencyCode":"","_EventCurrencyPosition":"","_EventDateTimeSeparator":"","_EventTimeRangeSeparator":"","_EventOrganizerID":[],"_EventVenueID":[],"_OrganizerEmail":"","_OrganizerPhone":"","_OrganizerWebsite":"","_VenueAddress":"","_VenueCity":"","_VenueCountry":"","_VenueProvince":"","_VenueState":"","_VenueZip":"","_VenuePhone":"","_VenueURL":"","_VenueStateProvince":"","_VenueLat":"","_VenueLng":"","_VenueShowMap":false,"_VenueShowMapLink":false,"footnotes":"","_tec_slr_enabled":"","_tec_slr_layout":""},"class_list":["post-750","page","type-page","status-publish","hentry"],"yoast_head":"<!-- This site is optimized with the Yoast SEO plugin v26.6 - https:\/\/yoast.com\/wordpress\/plugins\/seo\/ -->\n<title>History - As time goes by<\/title>\n<meta name=\"robots\" content=\"index, follow, max-snippet:-1, max-image-preview:large, max-video-preview:-1\" \/>\n<link rel=\"canonical\" href=\"https:\/\/www.astimegoesby.de\/?page_id=750&lang=en\" \/>\n<meta property=\"og:locale\" content=\"de_DE\" \/>\n<meta property=\"og:type\" content=\"article\" \/>\n<meta property=\"og:title\" content=\"History - As time goes by\" \/>\n<meta property=\"og:description\" content=\"Im Jahr 2000 wagten sich die beiden Musiker Janusz Myschur und Thomas Breitsameter zum ersten Mal an die eher seltene Duobesetzung Violine\/Akkordeon. Dies war der Beginn einer langen musikalischen Freundschaft, mit zahlreichen nur auf den ersten Blick &#8222;neuen&#8220;, weil eigentlich lediglich wiederentdeckten Kompositionen und Werken aus den Niederungen und (Un-)tiefen der Unterhaltungs- und Salonmusik. Viele der in Angriff genommenen Werke erwiesen sich als geradezu pr\u00e4destiniert f\u00fcr die Besetzung Violine &amp; Akkordeon, und sehr schnell entstand ein fast un\u00fcberschaubarer Fundus von Walzern, Tangos, Foxtrotts, Filmmelodien, Evergreens, Jazz-Standards und Klassikern. Das Repertoire des Duos &#8222;As time goes by&#8220; ist mittlerweile auf \u00fcber 130 Titel angewachsen und reicht von J.S. Bach \u00fcber W.A. Mozart bis zu den Kompositionen des argentinischen Altmeisters Astor Piazzolla. Und es kommen st\u00e4ndig neue Arrangements dazu, es gibt nichts, das vor der Spielfreude und der Experimentierlust der Formation &#8222;As time goes by &#8230;&#8220; wirklich sicher w\u00e4re.\" \/>\n<meta property=\"og:url\" content=\"https:\/\/www.astimegoesby.de\/?page_id=750&amp;lang=en\" \/>\n<meta property=\"og:site_name\" content=\"As time goes by\" \/>\n<meta property=\"article:modified_time\" content=\"2021-04-27T13:15:03+00:00\" \/>\n<meta name=\"twitter:card\" content=\"summary_large_image\" \/>\n<meta name=\"twitter:label1\" content=\"Gesch\u00e4tzte Lesezeit\" \/>\n\t<meta name=\"twitter:data1\" content=\"1\u00a0Minute\" \/>\n<script type=\"application\/ld+json\" class=\"yoast-schema-graph\">{\"@context\":\"https:\/\/schema.org\",\"@graph\":[{\"@type\":\"WebPage\",\"@id\":\"https:\/\/www.astimegoesby.de\/?page_id=750&lang=en\",\"url\":\"https:\/\/www.astimegoesby.de\/?page_id=750&lang=en\",\"name\":\"History - As time goes by\",\"isPartOf\":{\"@id\":\"https:\/\/www.astimegoesby.de\/#website\"},\"datePublished\":\"2021-04-27T13:15:02+00:00\",\"dateModified\":\"2021-04-27T13:15:03+00:00\",\"breadcrumb\":{\"@id\":\"https:\/\/www.astimegoesby.de\/?page_id=750&lang=en#breadcrumb\"},\"inLanguage\":\"de\",\"potentialAction\":[{\"@type\":\"ReadAction\",\"target\":[\"https:\/\/www.astimegoesby.de\/?page_id=750&lang=en\"]}]},{\"@type\":\"BreadcrumbList\",\"@id\":\"https:\/\/www.astimegoesby.de\/?page_id=750&lang=en#breadcrumb\",\"itemListElement\":[{\"@type\":\"ListItem\",\"position\":1,\"name\":\"Startseite\",\"item\":\"https:\/\/www.astimegoesby.de\/\"},{\"@type\":\"ListItem\",\"position\":2,\"name\":\"History\"}]},{\"@type\":\"WebSite\",\"@id\":\"https:\/\/www.astimegoesby.de\/#website\",\"url\":\"https:\/\/www.astimegoesby.de\/\",\"name\":\"As time goes by\",\"description\":\"Thomas Breitsameter - Janusz Myschur\",\"potentialAction\":[{\"@type\":\"SearchAction\",\"target\":{\"@type\":\"EntryPoint\",\"urlTemplate\":\"https:\/\/www.astimegoesby.de\/?s={search_term_string}\"},\"query-input\":{\"@type\":\"PropertyValueSpecification\",\"valueRequired\":true,\"valueName\":\"search_term_string\"}}],\"inLanguage\":\"de\"}]}<\/script>\n<!-- \/ Yoast SEO plugin. -->","yoast_head_json":{"title":"History - As time goes by","robots":{"index":"index","follow":"follow","max-snippet":"max-snippet:-1","max-image-preview":"max-image-preview:large","max-video-preview":"max-video-preview:-1"},"canonical":"https:\/\/www.astimegoesby.de\/?page_id=750&lang=en","og_locale":"de_DE","og_type":"article","og_title":"History - As time goes by","og_description":"Im Jahr 2000 wagten sich die beiden Musiker Janusz Myschur und Thomas Breitsameter zum ersten Mal an die eher seltene Duobesetzung Violine\/Akkordeon. Dies war der Beginn einer langen musikalischen Freundschaft, mit zahlreichen nur auf den ersten Blick &#8222;neuen&#8220;, weil eigentlich lediglich wiederentdeckten Kompositionen und Werken aus den Niederungen und (Un-)tiefen der Unterhaltungs- und Salonmusik. Viele der in Angriff genommenen Werke erwiesen sich als geradezu pr\u00e4destiniert f\u00fcr die Besetzung Violine &amp; Akkordeon, und sehr schnell entstand ein fast un\u00fcberschaubarer Fundus von Walzern, Tangos, Foxtrotts, Filmmelodien, Evergreens, Jazz-Standards und Klassikern. Das Repertoire des Duos &#8222;As time goes by&#8220; ist mittlerweile auf \u00fcber 130 Titel angewachsen und reicht von J.S. Bach \u00fcber W.A. Mozart bis zu den Kompositionen des argentinischen Altmeisters Astor Piazzolla. Und es kommen st\u00e4ndig neue Arrangements dazu, es gibt nichts, das vor der Spielfreude und der Experimentierlust der Formation &#8222;As time goes by &#8230;&#8220; wirklich sicher w\u00e4re.","og_url":"https:\/\/www.astimegoesby.de\/?page_id=750&lang=en","og_site_name":"As time goes by","article_modified_time":"2021-04-27T13:15:03+00:00","twitter_card":"summary_large_image","twitter_misc":{"Gesch\u00e4tzte Lesezeit":"1\u00a0Minute"},"schema":{"@context":"https:\/\/schema.org","@graph":[{"@type":"WebPage","@id":"https:\/\/www.astimegoesby.de\/?page_id=750&lang=en","url":"https:\/\/www.astimegoesby.de\/?page_id=750&lang=en","name":"History - As time goes by","isPartOf":{"@id":"https:\/\/www.astimegoesby.de\/#website"},"datePublished":"2021-04-27T13:15:02+00:00","dateModified":"2021-04-27T13:15:03+00:00","breadcrumb":{"@id":"https:\/\/www.astimegoesby.de\/?page_id=750&lang=en#breadcrumb"},"inLanguage":"de","potentialAction":[{"@type":"ReadAction","target":["https:\/\/www.astimegoesby.de\/?page_id=750&lang=en"]}]},{"@type":"BreadcrumbList","@id":"https:\/\/www.astimegoesby.de\/?page_id=750&lang=en#breadcrumb","itemListElement":[{"@type":"ListItem","position":1,"name":"Startseite","item":"https:\/\/www.astimegoesby.de\/"},{"@type":"ListItem","position":2,"name":"History"}]},{"@type":"WebSite","@id":"https:\/\/www.astimegoesby.de\/#website","url":"https:\/\/www.astimegoesby.de\/","name":"As time goes by","description":"Thomas Breitsameter - Janusz Myschur","potentialAction":[{"@type":"SearchAction","target":{"@type":"EntryPoint","urlTemplate":"https:\/\/www.astimegoesby.de\/?s={search_term_string}"},"query-input":{"@type":"PropertyValueSpecification","valueRequired":true,"valueName":"search_term_string"}}],"inLanguage":"de"}]}},"ticketed":false,"_links":{"self":[{"href":"https:\/\/www.astimegoesby.de\/index.php?rest_route=\/wp\/v2\/pages\/750","targetHints":{"allow":["GET"]}}],"collection":[{"href":"https:\/\/www.astimegoesby.de\/index.php?rest_route=\/wp\/v2\/pages"}],"about":[{"href":"https:\/\/www.astimegoesby.de\/index.php?rest_route=\/wp\/v2\/types\/page"}],"author":[{"embeddable":true,"href":"https:\/\/www.astimegoesby.de\/index.php?rest_route=\/wp\/v2\/users\/10"}],"replies":[{"embeddable":true,"href":"https:\/\/www.astimegoesby.de\/index.php?rest_route=%2Fwp%2Fv2%2Fcomments&post=750"}],"version-history":[{"count":1,"href":"https:\/\/www.astimegoesby.de\/index.php?rest_route=\/wp\/v2\/pages\/750\/revisions"}],"predecessor-version":[{"id":751,"href":"https:\/\/www.astimegoesby.de\/index.php?rest_route=\/wp\/v2\/pages\/750\/revisions\/751"}],"wp:attachment":[{"href":"https:\/\/www.astimegoesby.de\/index.php?rest_route=%2Fwp%2Fv2%2Fmedia&parent=750"}],"curies":[{"name":"wp","href":"https:\/\/api.w.org\/{rel}","templated":true}]}}