{"id":2,"date":"2011-09-24T23:38:07","date_gmt":"2011-09-24T23:38:07","guid":{"rendered":"http:\/\/astimegoesby.de\/?page_id=2"},"modified":"2021-04-27T00:52:11","modified_gmt":"2021-04-26T23:52:11","slug":"beispiel-seite","status":"publish","type":"page","link":"https:\/\/www.astimegoesby.de\/","title":{"rendered":"Start"},"content":{"rendered":"<p>Thomas Breitsameter (Violine) und Janusz Myschur (Akkordeon) pr\u00e4sentieren als Duo \u201cAs time goes by\u201d ein musikalisches Panoptikum mit Hits und Evergreens aus \u00fcber 70 Jahren Salon-\u00ad und Unterhaltungsmusik.&nbsp;ngg_shortcode_0_placeholder Das Repertoire der beiden Musiker umfasst dabei franz\u00f6sische Musette\u00adwalzer, Foxtrotts, feurige Tangos und bekannte Jazz\u00adstandards, ber\u00fchmte Filmmelodien und Welterfolge. Die eher seltene Besetzung \u201cVioline und Akkordeon\u201d ist geradezu pr\u00e4destiniert, sich hemmungslos mit den Capri-Fischern in die Untiefen dieses Genres zu st\u00fcrzen, in der \u201cRue la Rose\u201d der Virtuosit\u00e4t franz\u00f6sischer Musette\u00adwalzer nachzusp\u00fcren und mit tiefer tango\u00adtrunkener Melancholie vom Lago Maggiore zu tr\u00e4umen. Bei der weltbekannten Melodie \u201cAs time goes by\u201d aus dem Filmklassiker \u201cCasablanca\u201d werden Erinnerungen an Humphrey Bogart und Ingrid Bergman wach.<\/p>\n<p><em><strong>As time goes by (Liedtext):<\/strong> Erinnere Dich stets daran: Ein Ku\u00df ist immer noch ein Ku\u00df, ein Seufzer ist blo\u00df ein Seufzer \u2013 die grundlegenden Dinge treffen immer zu, w\u00e4hrend die Zeit vergeht. Und wenn zwei Liebende sich locken, sagen sie immer noch: \u201eIch liebe Dich!\u201c, darauf kannst Du Dich verlassen \u2013 egal was die Zukunft bringt, w\u00e4hrend die Zeit vergeht. Mondschein und Liebeslieder sind zeitlos, Herzen voll Leidenschaft, Eifersucht und Ha\u00df, Frau braucht Mann, und Mann braucht seinen Freund\/ seine Gef\u00e4hrtin \u2013 das kann keiner bestreiten. Es ist immer noch die alte Geschichte, ein Kampf um Liebe und Ruhm, ein Fall von \u201aAlles oder nichts!\u2018 \u2013 die Welt wird Liebende immer willkommen hei\u00dfen, w\u00e4hrend die Zeit vergeht.<\/em><\/p>\n<p>Einige Schlager und Evergreens werden dabei auf einer sogenannten <strong> \u201cStrohgeige\u201d<\/strong> , einem Instrument mit Schalltrichter gespielt.<\/p>\n","protected":false},"excerpt":{"rendered":"<p>Thomas Breitsameter (Violine) und Janusz Myschur (Akkordeon) pr\u00e4sentieren als Duo \u201cAs time goes by\u201d ein musikalisches Panoptikum mit Hits und Evergreens aus \u00fcber 70 Jahren Salon-\u00ad und Unterhaltungsmusik.&nbsp; Das Repertoire der beiden Musiker umfasst dabei franz\u00f6sische Musette\u00adwalzer, Foxtrotts, feurige Tangos und bekannte Jazz\u00adstandards, ber\u00fchmte Filmmelodien und Welterfolge. Die eher seltene Besetzung \u201cVioline und Akkordeon\u201d ist geradezu pr\u00e4destiniert, sich hemmungslos mit den Capri-Fischern in die Untiefen dieses Genres zu st\u00fcrzen, in der \u201cRue la Rose\u201d der Virtuosit\u00e4t franz\u00f6sischer Musette\u00adwalzer nachzusp\u00fcren und mit tiefer tango\u00adtrunkener Melancholie vom Lago Maggiore zu tr\u00e4umen. Bei der weltbekannten Melodie \u201cAs time goes by\u201d aus dem Filmklassiker \u201cCasablanca\u201d werden Erinnerungen an Humphrey Bogart und Ingrid Bergman wach. As time goes by (Liedtext): Erinnere Dich stets daran: Ein Ku\u00df ist immer noch ein Ku\u00df, ein Seufzer ist blo\u00df ein Seufzer \u2013 die grundlegenden Dinge treffen immer zu, w\u00e4hrend die Zeit vergeht. Und wenn zwei Liebende sich locken, sagen sie immer noch: \u201eIch liebe Dich!\u201c, darauf kannst Du Dich verlassen \u2013 egal was die Zukunft bringt, w\u00e4hrend die Zeit vergeht. Mondschein und Liebeslieder sind zeitlos, Herzen voll Leidenschaft, Eifersucht und Ha\u00df, Frau braucht Mann, und Mann braucht seinen Freund\/ seine Gef\u00e4hrtin \u2013 das kann keiner bestreiten. Es ist immer noch die alte Geschichte, ein Kampf um Liebe und Ruhm, ein Fall von \u201aAlles oder nichts!\u2018 \u2013 die Welt wird Liebende immer willkommen hei\u00dfen, w\u00e4hrend die Zeit vergeht. Einige Schlager und Evergreens werden dabei auf einer sogenannten \u201cStrohgeige\u201d , einem Instrument mit Schalltrichter gespielt.<\/p>\n","protected":false},"author":10,"featured_media":0,"parent":0,"menu_order":10,"comment_status":"closed","ping_status":"closed","template":"","meta":{"ngg_post_thumbnail":0,"_price":"","_stock":"","_tribe_ticket_header":"","_tribe_default_ticket_provider":"","_ticket_start_date":"","_ticket_end_date":"","_tribe_ticket_show_description":"","_tribe_ticket_show_not_going":false,"_tribe_ticket_use_global_stock":"","_tribe_ticket_global_stock_level":"","_global_stock_mode":"","_global_stock_cap":"","_tribe_rsvp_for_event":"","_tribe_ticket_going_count":"","_tribe_ticket_not_going_count":"","_tribe_tickets_list":"[]","_tribe_ticket_has_attendee_info_fields":false,"_EventAllDay":false,"_EventTimezone":"","_EventStartDate":"","_EventEndDate":"","_EventStartDateUTC":"","_EventEndDateUTC":"","_EventShowMap":false,"_EventShowMapLink":false,"_EventURL":"","_EventCost":"","_EventCostDescription":"","_EventCurrencySymbol":"","_EventCurrencyCode":"","_EventCurrencyPosition":"","_EventDateTimeSeparator":"","_EventTimeRangeSeparator":"","_EventOrganizerID":[],"_EventVenueID":[],"_OrganizerEmail":"","_OrganizerPhone":"","_OrganizerWebsite":"","_VenueAddress":"","_VenueCity":"","_VenueCountry":"","_VenueProvince":"","_VenueState":"","_VenueZip":"","_VenuePhone":"","_VenueURL":"","_VenueStateProvince":"","_VenueLat":"","_VenueLng":"","_VenueShowMap":false,"_VenueShowMapLink":false,"footnotes":"","_tec_slr_enabled":"","_tec_slr_layout":""},"class_list":["post-2","page","type-page","status-publish","hentry"],"yoast_head":"<!-- This site is optimized with the Yoast SEO plugin v26.6 - https:\/\/yoast.com\/wordpress\/plugins\/seo\/ -->\n<title>Start - As time goes by<\/title>\n<meta name=\"robots\" content=\"index, follow, max-snippet:-1, max-image-preview:large, max-video-preview:-1\" \/>\n<link rel=\"canonical\" href=\"https:\/\/www.astimegoesby.de\/\" \/>\n<meta property=\"og:locale\" content=\"de_DE\" \/>\n<meta property=\"og:type\" content=\"article\" \/>\n<meta property=\"og:title\" content=\"Start - As time goes by\" \/>\n<meta property=\"og:description\" content=\"Thomas Breitsameter (Violine) und Janusz Myschur (Akkordeon) pr\u00e4sentieren als Duo \u201cAs time goes by\u201d ein musikalisches Panoptikum mit Hits und Evergreens aus \u00fcber 70 Jahren Salon-\u00ad und Unterhaltungsmusik.&nbsp; Das Repertoire der beiden Musiker umfasst dabei franz\u00f6sische Musette\u00adwalzer, Foxtrotts, feurige Tangos und bekannte Jazz\u00adstandards, ber\u00fchmte Filmmelodien und Welterfolge. Die eher seltene Besetzung \u201cVioline und Akkordeon\u201d ist geradezu pr\u00e4destiniert, sich hemmungslos mit den Capri-Fischern in die Untiefen dieses Genres zu st\u00fcrzen, in der \u201cRue la Rose\u201d der Virtuosit\u00e4t franz\u00f6sischer Musette\u00adwalzer nachzusp\u00fcren und mit tiefer tango\u00adtrunkener Melancholie vom Lago Maggiore zu tr\u00e4umen. Bei der weltbekannten Melodie \u201cAs time goes by\u201d aus dem Filmklassiker \u201cCasablanca\u201d werden Erinnerungen an Humphrey Bogart und Ingrid Bergman wach. As time goes by (Liedtext): Erinnere Dich stets daran: Ein Ku\u00df ist immer noch ein Ku\u00df, ein Seufzer ist blo\u00df ein Seufzer \u2013 die grundlegenden Dinge treffen immer zu, w\u00e4hrend die Zeit vergeht. Und wenn zwei Liebende sich locken, sagen sie immer noch: \u201eIch liebe Dich!\u201c, darauf kannst Du Dich verlassen \u2013 egal was die Zukunft bringt, w\u00e4hrend die Zeit vergeht. Mondschein und Liebeslieder sind zeitlos, Herzen voll Leidenschaft, Eifersucht und Ha\u00df, Frau braucht Mann, und Mann braucht seinen Freund\/ seine Gef\u00e4hrtin \u2013 das kann keiner bestreiten. Es ist immer noch die alte Geschichte, ein Kampf um Liebe und Ruhm, ein Fall von \u201aAlles oder nichts!\u2018 \u2013 die Welt wird Liebende immer willkommen hei\u00dfen, w\u00e4hrend die Zeit vergeht. Einige Schlager und Evergreens werden dabei auf einer sogenannten \u201cStrohgeige\u201d , einem Instrument mit Schalltrichter gespielt.\" \/>\n<meta property=\"og:url\" content=\"https:\/\/www.astimegoesby.de\/\" \/>\n<meta property=\"og:site_name\" content=\"As time goes by\" \/>\n<meta property=\"article:modified_time\" content=\"2021-04-26T23:52:11+00:00\" \/>\n<meta name=\"twitter:card\" content=\"summary_large_image\" \/>\n<meta name=\"twitter:label1\" content=\"Gesch\u00e4tzte Lesezeit\" \/>\n\t<meta name=\"twitter:data1\" content=\"2\u00a0Minuten\" \/>\n<script type=\"application\/ld+json\" class=\"yoast-schema-graph\">{\"@context\":\"https:\/\/schema.org\",\"@graph\":[{\"@type\":\"WebPage\",\"@id\":\"https:\/\/www.astimegoesby.de\/\",\"url\":\"https:\/\/www.astimegoesby.de\/\",\"name\":\"Start - As time goes by\",\"isPartOf\":{\"@id\":\"https:\/\/www.astimegoesby.de\/#website\"},\"datePublished\":\"2011-09-24T23:38:07+00:00\",\"dateModified\":\"2021-04-26T23:52:11+00:00\",\"breadcrumb\":{\"@id\":\"https:\/\/www.astimegoesby.de\/#breadcrumb\"},\"inLanguage\":\"de\",\"potentialAction\":[{\"@type\":\"ReadAction\",\"target\":[\"https:\/\/www.astimegoesby.de\/\"]}]},{\"@type\":\"BreadcrumbList\",\"@id\":\"https:\/\/www.astimegoesby.de\/#breadcrumb\",\"itemListElement\":[{\"@type\":\"ListItem\",\"position\":1,\"name\":\"Startseite\",\"item\":\"https:\/\/www.astimegoesby.de\/\"},{\"@type\":\"ListItem\",\"position\":2,\"name\":\"Start\"}]},{\"@type\":\"WebSite\",\"@id\":\"https:\/\/www.astimegoesby.de\/#website\",\"url\":\"https:\/\/www.astimegoesby.de\/\",\"name\":\"As time goes by\",\"description\":\"Thomas Breitsameter - Janusz Myschur\",\"potentialAction\":[{\"@type\":\"SearchAction\",\"target\":{\"@type\":\"EntryPoint\",\"urlTemplate\":\"https:\/\/www.astimegoesby.de\/?s={search_term_string}\"},\"query-input\":{\"@type\":\"PropertyValueSpecification\",\"valueRequired\":true,\"valueName\":\"search_term_string\"}}],\"inLanguage\":\"de\"}]}<\/script>\n<!-- \/ Yoast SEO plugin. -->","yoast_head_json":{"title":"Start - As time goes by","robots":{"index":"index","follow":"follow","max-snippet":"max-snippet:-1","max-image-preview":"max-image-preview:large","max-video-preview":"max-video-preview:-1"},"canonical":"https:\/\/www.astimegoesby.de\/","og_locale":"de_DE","og_type":"article","og_title":"Start - As time goes by","og_description":"Thomas Breitsameter (Violine) und Janusz Myschur (Akkordeon) pr\u00e4sentieren als Duo \u201cAs time goes by\u201d ein musikalisches Panoptikum mit Hits und Evergreens aus \u00fcber 70 Jahren Salon-\u00ad und Unterhaltungsmusik.&nbsp; Das Repertoire der beiden Musiker umfasst dabei franz\u00f6sische Musette\u00adwalzer, Foxtrotts, feurige Tangos und bekannte Jazz\u00adstandards, ber\u00fchmte Filmmelodien und Welterfolge. Die eher seltene Besetzung \u201cVioline und Akkordeon\u201d ist geradezu pr\u00e4destiniert, sich hemmungslos mit den Capri-Fischern in die Untiefen dieses Genres zu st\u00fcrzen, in der \u201cRue la Rose\u201d der Virtuosit\u00e4t franz\u00f6sischer Musette\u00adwalzer nachzusp\u00fcren und mit tiefer tango\u00adtrunkener Melancholie vom Lago Maggiore zu tr\u00e4umen. Bei der weltbekannten Melodie \u201cAs time goes by\u201d aus dem Filmklassiker \u201cCasablanca\u201d werden Erinnerungen an Humphrey Bogart und Ingrid Bergman wach. As time goes by (Liedtext): Erinnere Dich stets daran: Ein Ku\u00df ist immer noch ein Ku\u00df, ein Seufzer ist blo\u00df ein Seufzer \u2013 die grundlegenden Dinge treffen immer zu, w\u00e4hrend die Zeit vergeht. Und wenn zwei Liebende sich locken, sagen sie immer noch: \u201eIch liebe Dich!\u201c, darauf kannst Du Dich verlassen \u2013 egal was die Zukunft bringt, w\u00e4hrend die Zeit vergeht. Mondschein und Liebeslieder sind zeitlos, Herzen voll Leidenschaft, Eifersucht und Ha\u00df, Frau braucht Mann, und Mann braucht seinen Freund\/ seine Gef\u00e4hrtin \u2013 das kann keiner bestreiten. Es ist immer noch die alte Geschichte, ein Kampf um Liebe und Ruhm, ein Fall von \u201aAlles oder nichts!\u2018 \u2013 die Welt wird Liebende immer willkommen hei\u00dfen, w\u00e4hrend die Zeit vergeht. Einige Schlager und Evergreens werden dabei auf einer sogenannten \u201cStrohgeige\u201d , einem Instrument mit Schalltrichter gespielt.","og_url":"https:\/\/www.astimegoesby.de\/","og_site_name":"As time goes by","article_modified_time":"2021-04-26T23:52:11+00:00","twitter_card":"summary_large_image","twitter_misc":{"Gesch\u00e4tzte Lesezeit":"2\u00a0Minuten"},"schema":{"@context":"https:\/\/schema.org","@graph":[{"@type":"WebPage","@id":"https:\/\/www.astimegoesby.de\/","url":"https:\/\/www.astimegoesby.de\/","name":"Start - As time goes by","isPartOf":{"@id":"https:\/\/www.astimegoesby.de\/#website"},"datePublished":"2011-09-24T23:38:07+00:00","dateModified":"2021-04-26T23:52:11+00:00","breadcrumb":{"@id":"https:\/\/www.astimegoesby.de\/#breadcrumb"},"inLanguage":"de","potentialAction":[{"@type":"ReadAction","target":["https:\/\/www.astimegoesby.de\/"]}]},{"@type":"BreadcrumbList","@id":"https:\/\/www.astimegoesby.de\/#breadcrumb","itemListElement":[{"@type":"ListItem","position":1,"name":"Startseite","item":"https:\/\/www.astimegoesby.de\/"},{"@type":"ListItem","position":2,"name":"Start"}]},{"@type":"WebSite","@id":"https:\/\/www.astimegoesby.de\/#website","url":"https:\/\/www.astimegoesby.de\/","name":"As time goes by","description":"Thomas Breitsameter - Janusz Myschur","potentialAction":[{"@type":"SearchAction","target":{"@type":"EntryPoint","urlTemplate":"https:\/\/www.astimegoesby.de\/?s={search_term_string}"},"query-input":{"@type":"PropertyValueSpecification","valueRequired":true,"valueName":"search_term_string"}}],"inLanguage":"de"}]}},"ticketed":false,"_links":{"self":[{"href":"https:\/\/www.astimegoesby.de\/index.php?rest_route=\/wp\/v2\/pages\/2","targetHints":{"allow":["GET"]}}],"collection":[{"href":"https:\/\/www.astimegoesby.de\/index.php?rest_route=\/wp\/v2\/pages"}],"about":[{"href":"https:\/\/www.astimegoesby.de\/index.php?rest_route=\/wp\/v2\/types\/page"}],"author":[{"embeddable":true,"href":"https:\/\/www.astimegoesby.de\/index.php?rest_route=\/wp\/v2\/users\/10"}],"replies":[{"embeddable":true,"href":"https:\/\/www.astimegoesby.de\/index.php?rest_route=%2Fwp%2Fv2%2Fcomments&post=2"}],"version-history":[{"count":28,"href":"https:\/\/www.astimegoesby.de\/index.php?rest_route=\/wp\/v2\/pages\/2\/revisions"}],"predecessor-version":[{"id":717,"href":"https:\/\/www.astimegoesby.de\/index.php?rest_route=\/wp\/v2\/pages\/2\/revisions\/717"}],"wp:attachment":[{"href":"https:\/\/www.astimegoesby.de\/index.php?rest_route=%2Fwp%2Fv2%2Fmedia&parent=2"}],"curies":[{"name":"wp","href":"https:\/\/api.w.org\/{rel}","templated":true}]}}