{"id":178,"date":"2011-10-09T15:33:49","date_gmt":"2011-10-09T15:33:49","guid":{"rendered":"http:\/\/www.astimegoesby.de\/?page_id=178"},"modified":"2021-04-27T14:43:27","modified_gmt":"2021-04-27T13:43:27","slug":"youtube","status":"publish","type":"page","link":"https:\/\/www.astimegoesby.de\/?page_id=178","title":{"rendered":"YouTube"},"content":{"rendered":"<h4>Adios Nonino<\/h4>\n<p style=\"text-align: center;\"><iframe title=\"Adios Nonino - Duo As time goes by\" width=\"960\" height=\"720\" src=\"https:\/\/www.youtube.com\/embed\/ryWYTCgHzuE?feature=oembed\" frameborder=\"0\" allow=\"accelerometer; autoplay; clipboard-write; encrypted-media; gyroscope; picture-in-picture\" allowfullscreen><\/iframe><\/p>\n<p style=\"text-align: left;\">Das Duo &#8222;As time goes by&#8220; spielt den weltber\u00fchmten Tango, den Astor Piazzolla als Requiem f\u00fcr seinen verstorbenen Vater komponiert hat, in einer Version f\u00fcr Akkordeon und Violine.<\/p>\n<h4>La mer<\/h4>\n<p style=\"text-align: center;\"><iframe title=\"La Mer - Charles Trenet mit dem Duo &quot;As time goes by&quot;\" width=\"960\" height=\"720\" src=\"https:\/\/www.youtube.com\/embed\/Lgy-3ebGdQg?feature=oembed\" frameborder=\"0\" allow=\"accelerometer; autoplay; clipboard-write; encrypted-media; gyroscope; picture-in-picture\" allowfullscreen><\/iframe><\/p>\n<p style=\"text-align: left;\">Das Duo &#8222;As time goes by&#8220; wagt sich an diesen Klassiker. Dem franz\u00f6sischen S\u00e4nger und Komponisten Charles Trenet ist ein unglaublicher Welterfolg gelungen, er hat &#8222;La mer&#8220; w\u00e4hrend des zweiten Weltkriegs im Jahr 1943 auf einer 30-min\u00fctigen Bahnfahrt im besetzten Frankreich w\u00e4hrend einer Zugfahrt zwischen Narbonne und Perpignan komponiert.<\/p>\n<h4>La vie en rose<\/h4>\n<p style=\"text-align: center;\"><iframe title=\"Duo As time goes by  - la vie en rose\" width=\"960\" height=\"720\" src=\"https:\/\/www.youtube.com\/embed\/sQya4apsGXE?feature=oembed\" frameborder=\"0\" allow=\"accelerometer; autoplay; clipboard-write; encrypted-media; gyroscope; picture-in-picture\" allowfullscreen><\/iframe><\/p>\n<p style=\"text-align: left;\">Thomas Breitsameter &#8211; Violine und Janusz Myschur &#8211; Akkordeon spielen das wohl ber\u00fchmteste Chanson von Edith Piaf in ihrer eigenen, f\u00fcr sie typischen Version &#8211; lassen sie sich verzaubern!<\/p>\n<h4>Ich brech die Herzen der stolzesten Frau&#8217;n<\/h4>\n<p style=\"text-align: center;\"><iframe title=\"Ich brech die Herzen der stolzesten Frau\u00b4n - Duo As time goes by\" width=\"960\" height=\"720\" src=\"https:\/\/www.youtube.com\/embed\/jrgftjLFVw8?feature=oembed\" frameborder=\"0\" allow=\"accelerometer; autoplay; clipboard-write; encrypted-media; gyroscope; picture-in-picture\" allowfullscreen><\/iframe><\/p>\n<p style=\"text-align: left;\">Diese Aufnahme ist mit einer Strohvioline entstanden. Solche Instrumente dienten Ende des 19. Jahrhunderts zur mechanischen Aufnahme. Janusz Myschur &#8211; Akkordeon und Thomas Breitsameter &#8211; Strohvioline haben auf ihrer neuen CD einige Tracks mit diesem Instrument eingespielt.<\/p>\n<h4>Nothing else matters<\/h4>\n<p style=\"text-align: center;\"><iframe title=\"Duo &quot;As time goes by&quot;\" width=\"960\" height=\"540\" src=\"https:\/\/www.youtube.com\/embed\/rQQHgKMA-N8?feature=oembed\" frameborder=\"0\" allow=\"accelerometer; autoplay; clipboard-write; encrypted-media; gyroscope; picture-in-picture\" allowfullscreen><\/iframe><\/p>\n<h4>Ich brech die Herzen der stolzesten Frau&#8217;n<\/h4>\n<p style=\"text-align: center;\"><iframe title=\"Duo As time goes by: Ich brech die Herzen der stolzesten Frau\u00b4n\" width=\"960\" height=\"720\" src=\"https:\/\/www.youtube.com\/embed\/SJv0zljTeYk?feature=oembed\" frameborder=\"0\" allow=\"accelerometer; autoplay; clipboard-write; encrypted-media; gyroscope; picture-in-picture\" allowfullscreen><\/iframe><\/p>\n<p style=\"text-align: left;\">Dieses Video wurde im &#8222;Kloster F\u00fcrstenfeld&#8220; aufgenommen. (Mai 2011)<\/p>\n","protected":false},"excerpt":{"rendered":"<p>Adios Nonino Das Duo &#8222;As time goes by&#8220; spielt den weltber\u00fchmten Tango, den Astor Piazzolla als Requiem f\u00fcr seinen verstorbenen Vater komponiert hat, in einer Version f\u00fcr Akkordeon und Violine. La mer Das Duo &#8222;As time goes by&#8220; wagt sich an diesen Klassiker. Dem franz\u00f6sischen S\u00e4nger und Komponisten Charles Trenet ist ein unglaublicher Welterfolg gelungen, er hat &#8222;La mer&#8220; w\u00e4hrend des zweiten Weltkriegs im Jahr 1943 auf einer 30-min\u00fctigen Bahnfahrt im besetzten Frankreich w\u00e4hrend einer Zugfahrt zwischen Narbonne und Perpignan komponiert. La vie en rose Thomas Breitsameter &#8211; Violine und Janusz Myschur &#8211; Akkordeon spielen das wohl ber\u00fchmteste Chanson von Edith Piaf in ihrer eigenen, f\u00fcr sie typischen Version &#8211; lassen sie sich verzaubern! Ich brech die Herzen der stolzesten Frau&#8217;n Diese Aufnahme ist mit einer Strohvioline entstanden. Solche Instrumente dienten Ende des 19. Jahrhunderts zur mechanischen Aufnahme. Janusz Myschur &#8211; Akkordeon und Thomas Breitsameter &#8211; Strohvioline haben auf ihrer neuen CD einige Tracks mit diesem Instrument eingespielt. Nothing else matters Ich brech die Herzen der stolzesten Frau&#8217;n Dieses Video wurde im &#8222;Kloster F\u00fcrstenfeld&#8220; aufgenommen. (Mai 2011)<\/p>\n","protected":false},"author":10,"featured_media":0,"parent":0,"menu_order":100,"comment_status":"closed","ping_status":"closed","template":"","meta":{"ngg_post_thumbnail":0,"_price":"","_stock":"","_tribe_ticket_header":"","_tribe_default_ticket_provider":"","_ticket_start_date":"","_ticket_end_date":"","_tribe_ticket_show_description":"","_tribe_ticket_show_not_going":false,"_tribe_ticket_use_global_stock":"","_tribe_ticket_global_stock_level":"","_global_stock_mode":"","_global_stock_cap":"","_tribe_rsvp_for_event":"","_tribe_ticket_going_count":"","_tribe_ticket_not_going_count":"","_tribe_tickets_list":"[]","_tribe_ticket_has_attendee_info_fields":false,"_EventAllDay":false,"_EventTimezone":"","_EventStartDate":"","_EventEndDate":"","_EventStartDateUTC":"","_EventEndDateUTC":"","_EventShowMap":false,"_EventShowMapLink":false,"_EventURL":"","_EventCost":"","_EventCostDescription":"","_EventCurrencySymbol":"","_EventCurrencyCode":"","_EventCurrencyPosition":"","_EventDateTimeSeparator":"","_EventTimeRangeSeparator":"","_EventOrganizerID":[],"_EventVenueID":[],"_OrganizerEmail":"","_OrganizerPhone":"","_OrganizerWebsite":"","_VenueAddress":"","_VenueCity":"","_VenueCountry":"","_VenueProvince":"","_VenueState":"","_VenueZip":"","_VenuePhone":"","_VenueURL":"","_VenueStateProvince":"","_VenueLat":"","_VenueLng":"","_VenueShowMap":false,"_VenueShowMapLink":false,"footnotes":"","_tec_slr_enabled":"","_tec_slr_layout":""},"class_list":["post-178","page","type-page","status-publish","hentry"],"yoast_head":"<!-- This site is optimized with the Yoast SEO plugin v26.6 - https:\/\/yoast.com\/wordpress\/plugins\/seo\/ -->\n<title>YouTube - As time goes by<\/title>\n<meta name=\"robots\" content=\"index, follow, max-snippet:-1, max-image-preview:large, max-video-preview:-1\" \/>\n<link rel=\"canonical\" href=\"https:\/\/www.astimegoesby.de\/?page_id=178\" \/>\n<meta property=\"og:locale\" content=\"de_DE\" \/>\n<meta property=\"og:type\" content=\"article\" \/>\n<meta property=\"og:title\" content=\"YouTube - As time goes by\" \/>\n<meta property=\"og:description\" content=\"Adios Nonino Das Duo &#8222;As time goes by&#8220; spielt den weltber\u00fchmten Tango, den Astor Piazzolla als Requiem f\u00fcr seinen verstorbenen Vater komponiert hat, in einer Version f\u00fcr Akkordeon und Violine. La mer Das Duo &#8222;As time goes by&#8220; wagt sich an diesen Klassiker. Dem franz\u00f6sischen S\u00e4nger und Komponisten Charles Trenet ist ein unglaublicher Welterfolg gelungen, er hat &#8222;La mer&#8220; w\u00e4hrend des zweiten Weltkriegs im Jahr 1943 auf einer 30-min\u00fctigen Bahnfahrt im besetzten Frankreich w\u00e4hrend einer Zugfahrt zwischen Narbonne und Perpignan komponiert. La vie en rose Thomas Breitsameter &#8211; Violine und Janusz Myschur &#8211; Akkordeon spielen das wohl ber\u00fchmteste Chanson von Edith Piaf in ihrer eigenen, f\u00fcr sie typischen Version &#8211; lassen sie sich verzaubern! Ich brech die Herzen der stolzesten Frau&#8217;n Diese Aufnahme ist mit einer Strohvioline entstanden. Solche Instrumente dienten Ende des 19. Jahrhunderts zur mechanischen Aufnahme. Janusz Myschur &#8211; Akkordeon und Thomas Breitsameter &#8211; Strohvioline haben auf ihrer neuen CD einige Tracks mit diesem Instrument eingespielt. Nothing else matters Ich brech die Herzen der stolzesten Frau&#8217;n Dieses Video wurde im &#8222;Kloster F\u00fcrstenfeld&#8220; aufgenommen. (Mai 2011)\" \/>\n<meta property=\"og:url\" content=\"https:\/\/www.astimegoesby.de\/?page_id=178\" \/>\n<meta property=\"og:site_name\" content=\"As time goes by\" \/>\n<meta property=\"article:modified_time\" content=\"2021-04-27T13:43:27+00:00\" \/>\n<meta name=\"twitter:card\" content=\"summary_large_image\" \/>\n<meta name=\"twitter:label1\" content=\"Gesch\u00e4tzte Lesezeit\" \/>\n\t<meta name=\"twitter:data1\" content=\"1\u00a0Minute\" \/>\n<script type=\"application\/ld+json\" class=\"yoast-schema-graph\">{\"@context\":\"https:\/\/schema.org\",\"@graph\":[{\"@type\":\"WebPage\",\"@id\":\"https:\/\/www.astimegoesby.de\/?page_id=178\",\"url\":\"https:\/\/www.astimegoesby.de\/?page_id=178\",\"name\":\"YouTube - As time goes by\",\"isPartOf\":{\"@id\":\"https:\/\/www.astimegoesby.de\/#website\"},\"datePublished\":\"2011-10-09T15:33:49+00:00\",\"dateModified\":\"2021-04-27T13:43:27+00:00\",\"breadcrumb\":{\"@id\":\"https:\/\/www.astimegoesby.de\/?page_id=178#breadcrumb\"},\"inLanguage\":\"de\",\"potentialAction\":[{\"@type\":\"ReadAction\",\"target\":[\"https:\/\/www.astimegoesby.de\/?page_id=178\"]}]},{\"@type\":\"BreadcrumbList\",\"@id\":\"https:\/\/www.astimegoesby.de\/?page_id=178#breadcrumb\",\"itemListElement\":[{\"@type\":\"ListItem\",\"position\":1,\"name\":\"Startseite\",\"item\":\"https:\/\/www.astimegoesby.de\/\"},{\"@type\":\"ListItem\",\"position\":2,\"name\":\"YouTube\"}]},{\"@type\":\"WebSite\",\"@id\":\"https:\/\/www.astimegoesby.de\/#website\",\"url\":\"https:\/\/www.astimegoesby.de\/\",\"name\":\"As time goes by\",\"description\":\"Thomas Breitsameter - Janusz Myschur\",\"potentialAction\":[{\"@type\":\"SearchAction\",\"target\":{\"@type\":\"EntryPoint\",\"urlTemplate\":\"https:\/\/www.astimegoesby.de\/?s={search_term_string}\"},\"query-input\":{\"@type\":\"PropertyValueSpecification\",\"valueRequired\":true,\"valueName\":\"search_term_string\"}}],\"inLanguage\":\"de\"}]}<\/script>\n<!-- \/ Yoast SEO plugin. -->","yoast_head_json":{"title":"YouTube - As time goes by","robots":{"index":"index","follow":"follow","max-snippet":"max-snippet:-1","max-image-preview":"max-image-preview:large","max-video-preview":"max-video-preview:-1"},"canonical":"https:\/\/www.astimegoesby.de\/?page_id=178","og_locale":"de_DE","og_type":"article","og_title":"YouTube - As time goes by","og_description":"Adios Nonino Das Duo &#8222;As time goes by&#8220; spielt den weltber\u00fchmten Tango, den Astor Piazzolla als Requiem f\u00fcr seinen verstorbenen Vater komponiert hat, in einer Version f\u00fcr Akkordeon und Violine. La mer Das Duo &#8222;As time goes by&#8220; wagt sich an diesen Klassiker. Dem franz\u00f6sischen S\u00e4nger und Komponisten Charles Trenet ist ein unglaublicher Welterfolg gelungen, er hat &#8222;La mer&#8220; w\u00e4hrend des zweiten Weltkriegs im Jahr 1943 auf einer 30-min\u00fctigen Bahnfahrt im besetzten Frankreich w\u00e4hrend einer Zugfahrt zwischen Narbonne und Perpignan komponiert. La vie en rose Thomas Breitsameter &#8211; Violine und Janusz Myschur &#8211; Akkordeon spielen das wohl ber\u00fchmteste Chanson von Edith Piaf in ihrer eigenen, f\u00fcr sie typischen Version &#8211; lassen sie sich verzaubern! Ich brech die Herzen der stolzesten Frau&#8217;n Diese Aufnahme ist mit einer Strohvioline entstanden. Solche Instrumente dienten Ende des 19. Jahrhunderts zur mechanischen Aufnahme. Janusz Myschur &#8211; Akkordeon und Thomas Breitsameter &#8211; Strohvioline haben auf ihrer neuen CD einige Tracks mit diesem Instrument eingespielt. Nothing else matters Ich brech die Herzen der stolzesten Frau&#8217;n Dieses Video wurde im &#8222;Kloster F\u00fcrstenfeld&#8220; aufgenommen. (Mai 2011)","og_url":"https:\/\/www.astimegoesby.de\/?page_id=178","og_site_name":"As time goes by","article_modified_time":"2021-04-27T13:43:27+00:00","twitter_card":"summary_large_image","twitter_misc":{"Gesch\u00e4tzte Lesezeit":"1\u00a0Minute"},"schema":{"@context":"https:\/\/schema.org","@graph":[{"@type":"WebPage","@id":"https:\/\/www.astimegoesby.de\/?page_id=178","url":"https:\/\/www.astimegoesby.de\/?page_id=178","name":"YouTube - As time goes by","isPartOf":{"@id":"https:\/\/www.astimegoesby.de\/#website"},"datePublished":"2011-10-09T15:33:49+00:00","dateModified":"2021-04-27T13:43:27+00:00","breadcrumb":{"@id":"https:\/\/www.astimegoesby.de\/?page_id=178#breadcrumb"},"inLanguage":"de","potentialAction":[{"@type":"ReadAction","target":["https:\/\/www.astimegoesby.de\/?page_id=178"]}]},{"@type":"BreadcrumbList","@id":"https:\/\/www.astimegoesby.de\/?page_id=178#breadcrumb","itemListElement":[{"@type":"ListItem","position":1,"name":"Startseite","item":"https:\/\/www.astimegoesby.de\/"},{"@type":"ListItem","position":2,"name":"YouTube"}]},{"@type":"WebSite","@id":"https:\/\/www.astimegoesby.de\/#website","url":"https:\/\/www.astimegoesby.de\/","name":"As time goes by","description":"Thomas Breitsameter - Janusz Myschur","potentialAction":[{"@type":"SearchAction","target":{"@type":"EntryPoint","urlTemplate":"https:\/\/www.astimegoesby.de\/?s={search_term_string}"},"query-input":{"@type":"PropertyValueSpecification","valueRequired":true,"valueName":"search_term_string"}}],"inLanguage":"de"}]}},"ticketed":false,"_links":{"self":[{"href":"https:\/\/www.astimegoesby.de\/index.php?rest_route=\/wp\/v2\/pages\/178","targetHints":{"allow":["GET"]}}],"collection":[{"href":"https:\/\/www.astimegoesby.de\/index.php?rest_route=\/wp\/v2\/pages"}],"about":[{"href":"https:\/\/www.astimegoesby.de\/index.php?rest_route=\/wp\/v2\/types\/page"}],"author":[{"embeddable":true,"href":"https:\/\/www.astimegoesby.de\/index.php?rest_route=\/wp\/v2\/users\/10"}],"replies":[{"embeddable":true,"href":"https:\/\/www.astimegoesby.de\/index.php?rest_route=%2Fwp%2Fv2%2Fcomments&post=178"}],"version-history":[{"count":44,"href":"https:\/\/www.astimegoesby.de\/index.php?rest_route=\/wp\/v2\/pages\/178\/revisions"}],"predecessor-version":[{"id":782,"href":"https:\/\/www.astimegoesby.de\/index.php?rest_route=\/wp\/v2\/pages\/178\/revisions\/782"}],"wp:attachment":[{"href":"https:\/\/www.astimegoesby.de\/index.php?rest_route=%2Fwp%2Fv2%2Fmedia&parent=178"}],"curies":[{"name":"wp","href":"https:\/\/api.w.org\/{rel}","templated":true}]}}